{"id":2907,"date":"2020-07-06T16:24:17","date_gmt":"2020-07-06T14:24:17","guid":{"rendered":"http:\/\/teintureriedelapaix.com\/?page_id=2907"},"modified":"2020-07-08T20:33:47","modified_gmt":"2020-07-08T18:33:47","slug":"services","status":"publish","type":"page","link":"https:\/\/teintureriedelapaix.com\/index.php\/en\/services\/","title":{"rendered":"Services"},"content":{"rendered":"<div  class=\"grids-section grids-is-advanced\" style=\"--_gs-gap-desktop:0px 0px;--_gs-m-desktop:100px 0 100px 0;--_gs-p-desktop:0 0 0 0;--_gs-bg-desktop:transparent none;--_gs-bg-xp-desktop:0px;--_gs-zi-desktop:auto;--_gs-d-desktop:block;--_gs-mw-desktop:calc(100% - 0 - 0);--_gs-min-height-desktop:1000px;--_gs-gap-tablet:0px 0px;--_gs-m-tablet:100px 0 100px 0;--_gs-p-tablet:0 0 0 0;--_gs-bg-tablet:transparent none;--_gs-bg-xp-tablet:0px;--_gs-zi-tablet:auto;--_gs-d-tablet:block;--_gs-mw-tablet:calc(100% - 0 - 0);--_gs-gap-mobile:0px 0px;--_gs-m-mobile:100px 0 100px 0;--_gs-p-mobile:0 0 0 0;--_gs-bg-mobile:transparent none;--_gs-bg-xp-mobile:0px;--_gs-zi-mobile:auto;--_gs-d-mobile:block;--_gs-mw-mobile:calc(100% - 0 - 0);--_gs-columns:12;--_gs-rows:6\"><div class=\"grids-s-w_i\">\n<div class=\"grids-area blocWhite animate__backInDown\" style=\"--_ga-column:6\/9;--_ga-row:3\/6;--_ga-m-desktop:0 0 0 0;--_ga-p-desktop:0 0 0 0;--_ga-bg-desktop:transparent none;--_ga-zi-desktop:auto;--_ga-d-desktop:flex;--_ga-mw-desktop:calc(100% - 0 - 0);--_ga-m-tablet:0 0 0 0;--_ga-p-tablet:0 0 0 0;--_ga-bg-tablet:transparent none;--_ga-zi-tablet:auto;--_ga-d-tablet:flex;--_ga-mw-tablet:calc(100% - 0 - 0);--_ga-m-mobile:0 0 0 0;--_ga-p-mobile:0 0 0 0;--_ga-bg-mobile:transparent none;--_ga-zi-mobile:auto;--_ga-d-mobile:none;--_ga-mw-mobile:calc(100% - 0 - 0)\"><\/div>\n\n<div class=\"grids-area blocTeinturePrestation animate__backInLeft\" style=\"--_ga-column:3\/7;--_ga-row:1\/4;--_ga-va:center;--_ga-m-desktop:0 0 0 0;--_ga-p-desktop:20px 20px 20px 20px;--_ga-bg-desktop:transparent none;--_ga-zi-desktop:auto;--_ga-d-desktop:flex;--_ga-mw-desktop:calc(100% - 0 - 0);--_ga-m-tablet:0 0 0 0;--_ga-p-tablet:20px 15px 20px 15px;--_ga-bg-tablet:transparent none;--_ga-zi-tablet:auto;--_ga-d-tablet:flex;--_ga-mw-tablet:calc(100% - 0 - 0);--_ga-m-mobile:0 10px 0 10px;--_ga-p-mobile:20px 10px 20px 10px;--_ga-bg-mobile:transparent none;--_ga-zi-mobile:auto;--_ga-d-mobile:flex;--_ga-mw-mobile:calc(100% - 10px - 10px)\">\n<style>.wp-block-kadence-advancedheading.kt-adv-heading_9d2966-a1, .wp-block-kadence-advancedheading.kt-adv-heading_9d2966-a1[data-kb-block=\"kb-adv-heading_9d2966-a1\"]{font-style:normal;}.wp-block-kadence-advancedheading.kt-adv-heading_9d2966-a1 mark.kt-highlight, .wp-block-kadence-advancedheading.kt-adv-heading_9d2966-a1[data-kb-block=\"kb-adv-heading_9d2966-a1\"] mark.kt-highlight{font-style:normal;color:#f76a0c;-webkit-box-decoration-break:clone;box-decoration-break:clone;padding-top:0px;padding-right:0px;padding-bottom:0px;padding-left:0px;}<\/style>\n<h3 id=\"kt-adv-heading_9d2966-a1\" class=\"kt-adv-heading_9d2966-a1 wp-block-kadence-advancedheading\">Dyeing<\/h3>\n\n\n<style>.wp-block-kadence-iconlist.kt-svg-icon-list-items_b58bb1-b2:not(.this-stops-third-party-issues){margin-top:0px;margin-bottom:0px;}.wp-block-kadence-iconlist.kt-svg-icon-list-items_b58bb1-b2 ul.kt-svg-icon-list:not(.this-prevents-issues):not(.this-stops-third-party-issues):not(.tijsloc){margin-top:0px;margin-right:0px;margin-bottom:var(--global-kb-spacing-sm, 1.5rem);margin-left:0px;}.wp-block-kadence-iconlist.kt-svg-icon-list-items_b58bb1-b2 ul.kt-svg-icon-list{grid-row-gap:20px;}.wp-block-kadence-iconlist.kt-svg-icon-list-items_b58bb1-b2 ul.kt-svg-icon-list .kt-svg-icon-list-item-wrap .kt-svg-icon-list-single{margin-right:20px;}.kt-svg-icon-list-items_b58bb1-b2 ul.kt-svg-icon-list .kt-svg-icon-list-level-0 .kt-svg-icon-list-single svg{font-size:20px;}.kt-svg-icon-list-items_b58bb1-b2 ul.kt-svg-icon-list .kt-svg-icon-list-level-1 .kt-svg-icon-list-single svg{font-size:20px;}.kt-svg-icon-list-items_b58bb1-b2 ul.kt-svg-icon-list .kt-svg-icon-list-level-2 .kt-svg-icon-list-single svg{font-size:20px;}.kt-svg-icon-list-items_b58bb1-b2 ul.kt-svg-icon-list .kt-svg-icon-list-level-3 .kt-svg-icon-list-single svg{font-size:20px;}.kt-svg-icon-list-items_b58bb1-b2 ul.kt-svg-icon-list .kt-svg-icon-list-level-4 .kt-svg-icon-list-single svg{font-size:20px;}<\/style>\n<div class=\"wp-block-kadence-iconlist kt-svg-icon-list-items kt-svg-icon-list-items_b58bb1-b2 kt-svg-icon-list-columns-1 alignnone kt-list-icon-aligntop\"><ul class=\"kt-svg-icon-list\"><li class=\"kt-svg-icon-list-style-stacked kt-svg-icon-list-item-wrap kt-svg-icon-list-item-0\"><div style=\"display:inline-flex;justify-content:center;align-items:center;padding:5px;border-width:1px\" class=\"kt-svg-icon-list-single kt-svg-icon-list-single-ic_record\"><svg style=\"display:inline-block;vertical-align:middle\" viewbox=\"0 0 8 8\" height=\"20\" width=\"20\" fill=\"currentColor\" xmlns=\"http:\/\/www.w3.org\/2000\/svg\"><path d=\"M3 0c-1.66 0-3 1.34-3 3s1.34 3 3 3 3-1.34 3-3-1.34-3-3-3z\" transform=\"translate(1 1)\"><\/path><\/svg><\/div><span class=\"kt-svg-icon-list-text\">Professionalism, technicality of our teams and collaboration with our chemical products and colorants suppliers enable us to dye every thread in the best conditions.<\/span><\/li><li class=\"kt-svg-icon-list-style-stacked kt-svg-icon-list-item-wrap kt-svg-icon-list-item-1\"><div style=\"display:inline-flex;justify-content:center;align-items:center;padding:5px;border-width:1px\" class=\"kt-svg-icon-list-single kt-svg-icon-list-single-ic_record\"><svg style=\"display:inline-block;vertical-align:middle\" viewbox=\"0 0 8 8\" height=\"20\" width=\"20\" fill=\"currentColor\" xmlns=\"http:\/\/www.w3.org\/2000\/svg\"><path d=\"M3 0c-1.66 0-3 1.34-3 3s1.34 3 3 3 3-1.34 3-3-1.34-3-3-3z\" transform=\"translate(1 1)\"><\/path><\/svg><\/div><span class=\"kt-svg-icon-list-text\">We have 14 autoclaves with different capacities and adjustable volumes which permit to dye in optimal bath ratios to guarantee a good reproducibility of the color.<\/span><\/li><li class=\"kt-svg-icon-list-style-stacked kt-svg-icon-list-item-wrap kt-svg-icon-list-item-2\"><div style=\"display:inline-flex;justify-content:center;align-items:center;padding:5px;border-width:1px\" class=\"kt-svg-icon-list-single kt-svg-icon-list-single-ic_record\"><svg style=\"display:inline-block;vertical-align:middle\" viewbox=\"0 0 8 8\" height=\"20\" width=\"20\" fill=\"currentColor\" xmlns=\"http:\/\/www.w3.org\/2000\/svg\"><path d=\"M3 0c-1.66 0-3 1.34-3 3s1.34 3 3 3 3-1.34 3-3-1.34-3-3-3z\" transform=\"translate(1 1)\"><\/path><\/svg><\/div><span class=\"kt-svg-icon-list-text\">Reactivity and quality are our requirements. Each production is followed and controlled by our teams.<\/span><\/li><li class=\"kt-svg-icon-list-style-stacked kt-svg-icon-list-item-wrap kt-svg-icon-list-item-3\"><div style=\"display:inline-flex;justify-content:center;align-items:center;padding:5px;border-width:1px\" class=\"kt-svg-icon-list-single kt-svg-icon-list-single-ic_record\"><svg style=\"display:inline-block;vertical-align:middle\" viewbox=\"0 0 8 8\" height=\"20\" width=\"20\" fill=\"currentColor\" xmlns=\"http:\/\/www.w3.org\/2000\/svg\"><path d=\"M3 0c-1.66 0-3 1.34-3 3s1.34 3 3 3 3-1.34 3-3-1.34-3-3-3z\" transform=\"translate(1 1)\"><\/path><\/svg><\/div><span class=\"kt-svg-icon-list-text\">All of the requirements from the specification of our clients are taken into account since the process development and after each production.<\/span><\/li><li class=\"kt-svg-icon-list-style-stacked kt-svg-icon-list-item-wrap kt-svg-icon-list-item-4\"><div style=\"display:inline-flex;justify-content:center;align-items:center;padding:5px;border-width:1px\" class=\"kt-svg-icon-list-single kt-svg-icon-list-single-ic_record\"><svg style=\"display:inline-block;vertical-align:middle\" viewbox=\"0 0 8 8\" height=\"20\" width=\"20\" fill=\"currentColor\" xmlns=\"http:\/\/www.w3.org\/2000\/svg\"><path d=\"M3 0c-1.66 0-3 1.34-3 3s1.34 3 3 3 3-1.34 3-3-1.34-3-3-3z\" transform=\"translate(1 1)\"><\/path><\/svg><\/div><span class=\"kt-svg-icon-list-text\">We can process orders from 3 to 600 kg in dyeing on bobbins and from 500 gr to 150 kg in dyeing on skeins.<\/span><\/li><\/ul><\/div>\n\n<\/div>\n\n<div class=\"grids-area blocServicesPrestation animate__backInRight\" style=\"--_ga-column:8\/11;--_ga-row:5\/7;--_ga-m-desktop:0 0 0 0;--_ga-p-desktop:20px 20px 20px 20px;--_ga-bg-desktop:transparent none;--_ga-zi-desktop:auto;--_ga-d-desktop:flex;--_ga-mw-desktop:calc(100% - 0 - 0);--_ga-m-tablet:0 0 0 0;--_ga-p-tablet:20px 15px 20px 15px;--_ga-bg-tablet:transparent none;--_ga-zi-tablet:auto;--_ga-d-tablet:flex;--_ga-mw-tablet:calc(100% - 0 - 0);--_ga-m-mobile:10px 10px 0 10px;--_ga-p-mobile:20px 10px 20px 10px;--_ga-bg-mobile:transparent none;--_ga-zi-mobile:auto;--_ga-d-mobile:flex;--_ga-mw-mobile:calc(100% - 10px - 10px)\">\n<style>.wp-block-kadence-advancedheading.kt-adv-heading_e6f76f-a5, .wp-block-kadence-advancedheading.kt-adv-heading_e6f76f-a5[data-kb-block=\"kb-adv-heading_e6f76f-a5\"]{font-style:normal;}.wp-block-kadence-advancedheading.kt-adv-heading_e6f76f-a5 mark.kt-highlight, .wp-block-kadence-advancedheading.kt-adv-heading_e6f76f-a5[data-kb-block=\"kb-adv-heading_e6f76f-a5\"] mark.kt-highlight{font-style:normal;color:#f76a0c;-webkit-box-decoration-break:clone;box-decoration-break:clone;padding-top:0px;padding-right:0px;padding-bottom:0px;padding-left:0px;}<\/style>\n<h3 id=\"kt-adv-heading_e6f76f-a5\" class=\"kt-adv-heading_e6f76f-a5 wp-block-kadence-advancedheading\">Services<\/h3>\n\n\n<style>.wp-block-kadence-iconlist.kt-svg-icon-list-items_98d504-a1:not(.this-stops-third-party-issues){margin-top:0px;margin-bottom:0px;}.wp-block-kadence-iconlist.kt-svg-icon-list-items_98d504-a1 ul.kt-svg-icon-list:not(.this-prevents-issues):not(.this-stops-third-party-issues):not(.tijsloc){margin-top:0px;margin-right:0px;margin-bottom:var(--global-kb-spacing-sm, 1.5rem);margin-left:0px;}.wp-block-kadence-iconlist.kt-svg-icon-list-items_98d504-a1 ul.kt-svg-icon-list{grid-row-gap:20px;}.wp-block-kadence-iconlist.kt-svg-icon-list-items_98d504-a1 ul.kt-svg-icon-list .kt-svg-icon-list-item-wrap .kt-svg-icon-list-single{margin-right:20px;}.kt-svg-icon-list-items_98d504-a1 ul.kt-svg-icon-list .kt-svg-icon-list-level-0 .kt-svg-icon-list-single svg{font-size:20px;}.kt-svg-icon-list-items_98d504-a1 ul.kt-svg-icon-list .kt-svg-icon-list-level-1 .kt-svg-icon-list-single svg{font-size:20px;}<\/style>\n<div class=\"wp-block-kadence-iconlist kt-svg-icon-list-items kt-svg-icon-list-items_98d504-a1 kt-svg-icon-list-columns-1 alignnone kt-list-icon-aligntop\"><ul class=\"kt-svg-icon-list\"><li class=\"kt-svg-icon-list-style-default kt-svg-icon-list-item-wrap kt-svg-icon-list-item-0\"><div style=\"display:inline-flex;justify-content:center;align-items:center\" class=\"kt-svg-icon-list-single kt-svg-icon-list-single-ic_record\"><svg style=\"display:inline-block;vertical-align:middle\" viewbox=\"0 0 8 8\" height=\"20\" width=\"20\" fill=\"currentColor\" xmlns=\"http:\/\/www.w3.org\/2000\/svg\"><path d=\"M3 0c-1.66 0-3 1.34-3 3s1.34 3 3 3 3-1.34 3-3-1.34-3-3-3z\" transform=\"translate(1 1)\"><\/path><\/svg><\/div><span class=\"kt-svg-icon-list-text\">Material storage : we receive the unbleached threads from our suppliers and have the possibility to store them in our premises of more than 2000m2, so has to deal with your order quickly.<\/span><\/li><li class=\"kt-svg-icon-list-style-default kt-svg-icon-list-item-wrap kt-svg-icon-list-item-1\"><div style=\"display:inline-flex;justify-content:center;align-items:center\" class=\"kt-svg-icon-list-single kt-svg-icon-list-single-ic_record\"><svg style=\"display:inline-block;vertical-align:middle\" viewbox=\"0 0 8 8\" height=\"20\" width=\"20\" fill=\"currentColor\" xmlns=\"http:\/\/www.w3.org\/2000\/svg\"><path d=\"M3 0c-1.66 0-3 1.34-3 3s1.34 3 3 3 3-1.34 3-3-1.34-3-3-3z\" transform=\"translate(1 1)\"><\/path><\/svg><\/div><span class=\"kt-svg-icon-list-text\">The winding, before or after dyeing : you have the possibility of rewinding before and\/or after dyeing your threads, thanks to our close outsourcing partners. This process can be done with every materials (natural, man-made and synthetic) and on every types of threads (continuous, textured or fiber).<\/span><\/li><\/ul><\/div>\n\n<\/div>\n\n<div class=\"grids-area animate__fadeIn\" style=\"--_ga-column:9\/11;--_ga-row:1\/3;--_ga-va:center;--_ga-m-desktop:0 0 0 0;--_ga-p-desktop:0 0 0 0;--_ga-bg-desktop:transparent none;--_ga-zi-desktop:auto;--_ga-d-desktop:flex;--_ga-mw-desktop:calc(100% - 0 - 0);--_ga-m-tablet:0 0 0 0;--_ga-p-tablet:0 0 0 0;--_ga-bg-tablet:transparent none;--_ga-zi-tablet:auto;--_ga-d-tablet:flex;--_ga-mw-tablet:calc(100% - 0 - 0);--_ga-m-mobile:20px 0 0 0;--_ga-p-mobile:0 0 0 0;--_ga-bg-mobile:transparent none;--_ga-zi-mobile:auto;--_ga-d-mobile:flex;--_ga-mw-mobile:calc(100% - 0 - 0)\">\n\n<div class=\"wp-block-image\"><figure class=\"aligncenter size-full\"><img loading=\"lazy\" decoding=\"async\" width=\"320\" height=\"299\" src=\"http:\/\/teintureriedelapaix.com\/wp-content\/uploads\/2020\/07\/bobinesD\u00e9tour\u00e9es2.png\" alt=\"\" class=\"wp-image-2605\" srcset=\"https:\/\/teintureriedelapaix.com\/wp-content\/uploads\/2020\/07\/bobinesD\u00e9tour\u00e9es2.png 320w, https:\/\/teintureriedelapaix.com\/wp-content\/uploads\/2020\/07\/bobinesD\u00e9tour\u00e9es2-300x280.png 300w\" sizes=\"(max-width: 320px) 100vw, 320px\" \/><\/figure><\/div>\n\n<\/div>\n\n<div class=\"grids-area animate__fadeIn\" style=\"--_ga-column:3\/5;--_ga-row:5\/7;--_ga-va:center;--_ga-m-desktop:0 0 0 0;--_ga-p-desktop:0 0 0 0;--_ga-bg-desktop:transparent none;--_ga-zi-desktop:auto;--_ga-d-desktop:flex;--_ga-mw-desktop:calc(100% - 0 - 0);--_ga-m-tablet:0 0 0 0;--_ga-p-tablet:0 0 0 0;--_ga-bg-tablet:transparent none;--_ga-zi-tablet:auto;--_ga-d-tablet:flex;--_ga-mw-tablet:calc(100% - 0 - 0);--_ga-m-mobile:0 0 0 0;--_ga-p-mobile:0 0 0 0;--_ga-bg-mobile:transparent none;--_ga-zi-mobile:auto;--_ga-d-mobile:none;--_ga-mw-mobile:calc(100% - 0 - 0)\">\n\n<figure class=\"wp-block-image size-full\"><img loading=\"lazy\" decoding=\"async\" width=\"320\" height=\"180\" src=\"http:\/\/teintureriedelapaix.com\/wp-content\/uploads\/2020\/07\/poudresD\u00e9tour\u00e9es4.png\" alt=\"\" class=\"wp-image-2603\" srcset=\"https:\/\/teintureriedelapaix.com\/wp-content\/uploads\/2020\/07\/poudresD\u00e9tour\u00e9es4.png 320w, https:\/\/teintureriedelapaix.com\/wp-content\/uploads\/2020\/07\/poudresD\u00e9tour\u00e9es4-300x169.png 300w\" sizes=\"(max-width: 320px) 100vw, 320px\" \/><\/figure>\n\n<\/div>\n<\/div><\/div>\n\n\n\n","protected":false},"excerpt":{"rendered":"","protected":false},"author":1,"featured_media":0,"parent":0,"menu_order":0,"comment_status":"closed","ping_status":"closed","template":"prestation.php","meta":{"_coblocks_attr":"","_coblocks_dimensions":"","_coblocks_responsive_height":"","_coblocks_accordion_ie_support":"","neve_meta_sidebar":"full-width","neve_meta_container":"contained","neve_meta_enable_content_width":"on","neve_meta_content_width":100,"neve_meta_title_alignment":"","neve_meta_author_avatar":"","neve_post_elements_order":"","neve_meta_disable_header":"","neve_meta_disable_footer":"","neve_meta_disable_title":"on","footnotes":""},"yoast_head":"<!-- This site is optimized with the Yoast SEO plugin v23.5 - https:\/\/yoast.com\/wordpress\/plugins\/seo\/ -->\n<title>Services - S.N.T.P<\/title>\n<meta name=\"robots\" content=\"index, follow, max-snippet:-1, max-image-preview:large, max-video-preview:-1\" \/>\n<link rel=\"canonical\" href=\"https:\/\/teintureriedelapaix.com\/index.php\/en\/services\/\" \/>\n<meta property=\"og:locale\" content=\"fr_FR\" \/>\n<meta property=\"og:type\" content=\"article\" \/>\n<meta property=\"og:title\" content=\"Services - S.N.T.P\" \/>\n<meta property=\"og:url\" content=\"https:\/\/teintureriedelapaix.com\/index.php\/en\/services\/\" \/>\n<meta property=\"og:site_name\" content=\"S.N.T.P\" \/>\n<meta property=\"article:modified_time\" content=\"2020-07-08T18:33:47+00:00\" \/>\n<meta property=\"og:image\" content=\"http:\/\/teintureriedelapaix.com\/wp-content\/uploads\/2020\/07\/bobinesD\u00e9tour\u00e9es2.png\" \/>\n<meta name=\"twitter:card\" content=\"summary_large_image\" \/>\n<meta name=\"twitter:label1\" content=\"Dur\u00e9e de lecture estim\u00e9e\" \/>\n\t<meta name=\"twitter:data1\" content=\"1 minute\" \/>\n<script type=\"application\/ld+json\" class=\"yoast-schema-graph\">{\"@context\":\"https:\/\/schema.org\",\"@graph\":[{\"@type\":\"WebPage\",\"@id\":\"https:\/\/teintureriedelapaix.com\/index.php\/en\/services\/\",\"url\":\"https:\/\/teintureriedelapaix.com\/index.php\/en\/services\/\",\"name\":\"Services - S.N.T.P\",\"isPartOf\":{\"@id\":\"https:\/\/teintureriedelapaix.com\/#website\"},\"datePublished\":\"2020-07-06T14:24:17+00:00\",\"dateModified\":\"2020-07-08T18:33:47+00:00\",\"breadcrumb\":{\"@id\":\"https:\/\/teintureriedelapaix.com\/index.php\/en\/services\/#breadcrumb\"},\"inLanguage\":\"fr-FR\",\"potentialAction\":[{\"@type\":\"ReadAction\",\"target\":[\"https:\/\/teintureriedelapaix.com\/index.php\/en\/services\/\"]}]},{\"@type\":\"BreadcrumbList\",\"@id\":\"https:\/\/teintureriedelapaix.com\/index.php\/en\/services\/#breadcrumb\",\"itemListElement\":[{\"@type\":\"ListItem\",\"position\":1,\"name\":\"Accueil\",\"item\":\"https:\/\/teintureriedelapaix.com\/\"},{\"@type\":\"ListItem\",\"position\":2,\"name\":\"Services\"}]},{\"@type\":\"WebSite\",\"@id\":\"https:\/\/teintureriedelapaix.com\/#website\",\"url\":\"https:\/\/teintureriedelapaix.com\/\",\"name\":\"S.N.T.P\",\"description\":\"Soci\u00e9t\u00e9 Nouvelle Teinturerie de la Paix\",\"publisher\":{\"@id\":\"https:\/\/teintureriedelapaix.com\/#organization\"},\"potentialAction\":[{\"@type\":\"SearchAction\",\"target\":{\"@type\":\"EntryPoint\",\"urlTemplate\":\"https:\/\/teintureriedelapaix.com\/?s={search_term_string}\"},\"query-input\":{\"@type\":\"PropertyValueSpecification\",\"valueRequired\":true,\"valueName\":\"search_term_string\"}}],\"inLanguage\":\"fr-FR\"},{\"@type\":\"Organization\",\"@id\":\"https:\/\/teintureriedelapaix.com\/#organization\",\"name\":\"Soci\u00e9t\u00e9 Nouvelle Teinturerie de la Paix\",\"url\":\"https:\/\/teintureriedelapaix.com\/\",\"logo\":{\"@type\":\"ImageObject\",\"inLanguage\":\"fr-FR\",\"@id\":\"https:\/\/teintureriedelapaix.com\/#\/schema\/logo\/image\/\",\"url\":\"https:\/\/teintureriedelapaix.com\/wp-content\/uploads\/2020\/06\/SNTP.svg\",\"contentUrl\":\"https:\/\/teintureriedelapaix.com\/wp-content\/uploads\/2020\/06\/SNTP.svg\",\"width\":96,\"height\":103,\"caption\":\"Soci\u00e9t\u00e9 Nouvelle Teinturerie de la Paix\"},\"image\":{\"@id\":\"https:\/\/teintureriedelapaix.com\/#\/schema\/logo\/image\/\"}}]}<\/script>\n<!-- \/ Yoast SEO plugin. -->","yoast_head_json":{"title":"Services - S.N.T.P","robots":{"index":"index","follow":"follow","max-snippet":"max-snippet:-1","max-image-preview":"max-image-preview:large","max-video-preview":"max-video-preview:-1"},"canonical":"https:\/\/teintureriedelapaix.com\/index.php\/en\/services\/","og_locale":"fr_FR","og_type":"article","og_title":"Services - S.N.T.P","og_url":"https:\/\/teintureriedelapaix.com\/index.php\/en\/services\/","og_site_name":"S.N.T.P","article_modified_time":"2020-07-08T18:33:47+00:00","og_image":[{"url":"http:\/\/teintureriedelapaix.com\/wp-content\/uploads\/2020\/07\/bobinesD\u00e9tour\u00e9es2.png"}],"twitter_card":"summary_large_image","twitter_misc":{"Dur\u00e9e de lecture estim\u00e9e":"1 minute"},"schema":{"@context":"https:\/\/schema.org","@graph":[{"@type":"WebPage","@id":"https:\/\/teintureriedelapaix.com\/index.php\/en\/services\/","url":"https:\/\/teintureriedelapaix.com\/index.php\/en\/services\/","name":"Services - S.N.T.P","isPartOf":{"@id":"https:\/\/teintureriedelapaix.com\/#website"},"datePublished":"2020-07-06T14:24:17+00:00","dateModified":"2020-07-08T18:33:47+00:00","breadcrumb":{"@id":"https:\/\/teintureriedelapaix.com\/index.php\/en\/services\/#breadcrumb"},"inLanguage":"fr-FR","potentialAction":[{"@type":"ReadAction","target":["https:\/\/teintureriedelapaix.com\/index.php\/en\/services\/"]}]},{"@type":"BreadcrumbList","@id":"https:\/\/teintureriedelapaix.com\/index.php\/en\/services\/#breadcrumb","itemListElement":[{"@type":"ListItem","position":1,"name":"Accueil","item":"https:\/\/teintureriedelapaix.com\/"},{"@type":"ListItem","position":2,"name":"Services"}]},{"@type":"WebSite","@id":"https:\/\/teintureriedelapaix.com\/#website","url":"https:\/\/teintureriedelapaix.com\/","name":"S.N.T.P","description":"Soci\u00e9t\u00e9 Nouvelle Teinturerie de la Paix","publisher":{"@id":"https:\/\/teintureriedelapaix.com\/#organization"},"potentialAction":[{"@type":"SearchAction","target":{"@type":"EntryPoint","urlTemplate":"https:\/\/teintureriedelapaix.com\/?s={search_term_string}"},"query-input":{"@type":"PropertyValueSpecification","valueRequired":true,"valueName":"search_term_string"}}],"inLanguage":"fr-FR"},{"@type":"Organization","@id":"https:\/\/teintureriedelapaix.com\/#organization","name":"Soci\u00e9t\u00e9 Nouvelle Teinturerie de la Paix","url":"https:\/\/teintureriedelapaix.com\/","logo":{"@type":"ImageObject","inLanguage":"fr-FR","@id":"https:\/\/teintureriedelapaix.com\/#\/schema\/logo\/image\/","url":"https:\/\/teintureriedelapaix.com\/wp-content\/uploads\/2020\/06\/SNTP.svg","contentUrl":"https:\/\/teintureriedelapaix.com\/wp-content\/uploads\/2020\/06\/SNTP.svg","width":96,"height":103,"caption":"Soci\u00e9t\u00e9 Nouvelle Teinturerie de la Paix"},"image":{"@id":"https:\/\/teintureriedelapaix.com\/#\/schema\/logo\/image\/"}}]}},"_links":{"self":[{"href":"https:\/\/teintureriedelapaix.com\/index.php\/wp-json\/wp\/v2\/pages\/2907"}],"collection":[{"href":"https:\/\/teintureriedelapaix.com\/index.php\/wp-json\/wp\/v2\/pages"}],"about":[{"href":"https:\/\/teintureriedelapaix.com\/index.php\/wp-json\/wp\/v2\/types\/page"}],"author":[{"embeddable":true,"href":"https:\/\/teintureriedelapaix.com\/index.php\/wp-json\/wp\/v2\/users\/1"}],"replies":[{"embeddable":true,"href":"https:\/\/teintureriedelapaix.com\/index.php\/wp-json\/wp\/v2\/comments?post=2907"}],"version-history":[{"count":11,"href":"https:\/\/teintureriedelapaix.com\/index.php\/wp-json\/wp\/v2\/pages\/2907\/revisions"}],"predecessor-version":[{"id":3050,"href":"https:\/\/teintureriedelapaix.com\/index.php\/wp-json\/wp\/v2\/pages\/2907\/revisions\/3050"}],"wp:attachment":[{"href":"https:\/\/teintureriedelapaix.com\/index.php\/wp-json\/wp\/v2\/media?parent=2907"}],"curies":[{"name":"wp","href":"https:\/\/api.w.org\/{rel}","templated":true}]}}